{"id":56,"date":"2025-09-24T07:44:19","date_gmt":"2025-09-24T07:44:19","guid":{"rendered":"http:\/\/pelote974.fr\/?page_id=56"},"modified":"2025-09-24T07:44:19","modified_gmt":"2025-09-24T07:44:19","slug":"partenaires","status":"publish","type":"page","link":"https:\/\/pelote974.fr\/?page_id=56","title":{"rendered":"Partenaires"},"content":{"rendered":"\n<p class=\"has-text-align-center has-large-font-size\"><strong>ILS ACCOMPAGNENT NOTRE DEVELOPPEMENT<\/strong><\/p>\n\n\n\n<p class=\"has-text-align-center\">Merci \u00e0 nos partenaires qui nous soutiennent tout au long de l&rsquo;ann\u00e9e dans nos activit\u00e9s et \u00e9v\u00e8nements.<\/p>\n\n\n\n<div class=\"wp-block-columns is-layout-flex wp-container-core-columns-is-layout-9d6595d7 wp-block-columns-is-layout-flex\">\n<div class=\"wp-block-column is-layout-flow wp-block-column-is-layout-flow\">\n<p class=\"has-text-align-left\">Ville de Saint-Leu<\/p>\n\n\n\n<figure class=\"wp-block-image size-full\"><img loading=\"lazy\" decoding=\"async\" width=\"222\" height=\"212\" src=\"http:\/\/pelote974.fr\/wp-content\/uploads\/2025\/09\/stleu.png\" alt=\"\" class=\"wp-image-57\"\/><\/figure>\n<\/div>\n\n\n\n<div class=\"wp-block-column is-layout-flow wp-block-column-is-layout-flow\">\n<p>Partenaire 2<\/p>\n<\/div>\n\n\n\n<div class=\"wp-block-column is-layout-flow wp-block-column-is-layout-flow\">\n<p>Partenaire 3<\/p>\n<\/div>\n<\/div>\n\n\n\n<div class=\"wp-block-columns is-layout-flex wp-container-core-columns-is-layout-9d6595d7 wp-block-columns-is-layout-flex\">\n<div class=\"wp-block-column is-layout-flow wp-block-column-is-layout-flow\">\n<p>Partenaires 4<\/p>\n<\/div>\n\n\n\n<div class=\"wp-block-column is-layout-flow wp-block-column-is-layout-flow\">\n<p>5<\/p>\n<\/div>\n\n\n\n<div class=\"wp-block-column is-layout-flow wp-block-column-is-layout-flow\">\n<p>6<\/p>\n<\/div>\n<\/div>\n","protected":false},"excerpt":{"rendered":"<p>ILS ACCOMPAGNENT NOTRE DEVELOPPEMENT Merci \u00e0 nos partenaires qui nous soutiennent tout au long de l&rsquo;ann\u00e9e dans nos activit\u00e9s et \u00e9v\u00e8nements. Ville de Saint-Leu Partenaire 2 Partenaire 3 Partenaires 4 &#8230;<\/p>\n","protected":false},"author":1,"featured_media":0,"parent":0,"menu_order":0,"comment_status":"closed","ping_status":"closed","template":"","meta":{"footnotes":""},"class_list":["post-56","page","type-page","status-publish","hentry"],"_links":{"self":[{"href":"https:\/\/pelote974.fr\/index.php?rest_route=\/wp\/v2\/pages\/56","targetHints":{"allow":["GET"]}}],"collection":[{"href":"https:\/\/pelote974.fr\/index.php?rest_route=\/wp\/v2\/pages"}],"about":[{"href":"https:\/\/pelote974.fr\/index.php?rest_route=\/wp\/v2\/types\/page"}],"author":[{"embeddable":true,"href":"https:\/\/pelote974.fr\/index.php?rest_route=\/wp\/v2\/users\/1"}],"replies":[{"embeddable":true,"href":"https:\/\/pelote974.fr\/index.php?rest_route=%2Fwp%2Fv2%2Fcomments&post=56"}],"version-history":[{"count":1,"href":"https:\/\/pelote974.fr\/index.php?rest_route=\/wp\/v2\/pages\/56\/revisions"}],"predecessor-version":[{"id":58,"href":"https:\/\/pelote974.fr\/index.php?rest_route=\/wp\/v2\/pages\/56\/revisions\/58"}],"wp:attachment":[{"href":"https:\/\/pelote974.fr\/index.php?rest_route=%2Fwp%2Fv2%2Fmedia&parent=56"}],"curies":[{"name":"wp","href":"https:\/\/api.w.org\/{rel}","templated":true}]}}