{"id":46,"date":"2025-09-24T06:59:36","date_gmt":"2025-09-24T06:59:36","guid":{"rendered":"http:\/\/pelote974.fr\/?page_id=46"},"modified":"2025-09-24T11:54:06","modified_gmt":"2025-09-24T11:54:06","slug":"la-gouvernance","status":"publish","type":"page","link":"https:\/\/pelote974.fr\/?page_id=46","title":{"rendered":"La Gouvernance"},"content":{"rendered":"\n<p>Nous croyons que chacun peut vivre des moments d\u2019exception dans un cadre o\u00f9 sport et convivialit\u00e9 se rejoignent.<\/p>\n\n\n\n<p class=\"has-medium-font-size\"><strong>Les membres du Bureau et du Comit\u00e9 de Direction<\/strong><\/p>\n\n\n\n<div class=\"wp-block-columns is-layout-flex wp-container-core-columns-is-layout-9d6595d7 wp-block-columns-is-layout-flex\">\n<div class=\"wp-block-column is-layout-flow wp-block-column-is-layout-flow\">\n<figure class=\"wp-block-image size-full is-style-rounded wp-duotone-grayscale\"><img loading=\"lazy\" decoding=\"async\" width=\"215\" height=\"236\" src=\"http:\/\/pelote974.fr\/wp-content\/uploads\/2025\/09\/oliv.png\" alt=\"\" class=\"wp-image-52\" style=\"aspect-ratio:1;object-fit:cover\"\/><figcaption class=\"wp-element-caption\">Olivier POUDOUX<br>Pr\u00e9sident<\/figcaption><\/figure>\n<\/div>\n\n\n\n<div class=\"wp-block-column is-layout-flow wp-block-column-is-layout-flow\">\n<figure class=\"wp-block-image size-full is-style-rounded wp-duotone-grayscale\"><img loading=\"lazy\" decoding=\"async\" width=\"377\" height=\"264\" src=\"http:\/\/pelote974.fr\/wp-content\/uploads\/2025\/09\/xim.png\" alt=\"\" class=\"wp-image-51\" style=\"aspect-ratio:1;object-fit:cover\" srcset=\"https:\/\/pelote974.fr\/wp-content\/uploads\/2025\/09\/xim.png 377w, https:\/\/pelote974.fr\/wp-content\/uploads\/2025\/09\/xim-300x210.png 300w\" sizes=\"auto, (max-width: 377px) 100vw, 377px\" \/><figcaption class=\"wp-element-caption\">Ximun LASCARAY<br>Vice-Pr\u00e9sident<\/figcaption><\/figure>\n<\/div>\n\n\n\n<div class=\"wp-block-column is-layout-flow wp-block-column-is-layout-flow\">\n<figure class=\"wp-block-image size-full is-style-rounded wp-duotone-grayscale\"><img loading=\"lazy\" decoding=\"async\" width=\"960\" height=\"764\" src=\"http:\/\/pelote974.fr\/wp-content\/uploads\/2025\/09\/JC.jpg\" alt=\"\" class=\"wp-image-49\" style=\"aspect-ratio:1;object-fit:cover\" srcset=\"https:\/\/pelote974.fr\/wp-content\/uploads\/2025\/09\/JC.jpg 960w, https:\/\/pelote974.fr\/wp-content\/uploads\/2025\/09\/JC-300x239.jpg 300w, https:\/\/pelote974.fr\/wp-content\/uploads\/2025\/09\/JC-768x611.jpg 768w\" sizes=\"auto, (max-width: 960px) 100vw, 960px\" \/><figcaption class=\"wp-element-caption\">Jean-Christophe DURAND<br>Responsable \u00e9cole<\/figcaption><\/figure>\n<\/div>\n\n\n\n<div class=\"wp-block-column is-layout-flow wp-block-column-is-layout-flow\">\n<figure class=\"wp-block-image size-full is-style-rounded wp-duotone-grayscale\"><img loading=\"lazy\" decoding=\"async\" width=\"1136\" height=\"1386\" src=\"http:\/\/pelote974.fr\/wp-content\/uploads\/2025\/09\/max.jpg\" alt=\"\" class=\"wp-image-47\" style=\"aspect-ratio:1;object-fit:cover\" srcset=\"https:\/\/pelote974.fr\/wp-content\/uploads\/2025\/09\/max.jpg 1136w, https:\/\/pelote974.fr\/wp-content\/uploads\/2025\/09\/max-246x300.jpg 246w, https:\/\/pelote974.fr\/wp-content\/uploads\/2025\/09\/max-839x1024.jpg 839w, https:\/\/pelote974.fr\/wp-content\/uploads\/2025\/09\/max-768x937.jpg 768w\" sizes=\"auto, (max-width: 1136px) 100vw, 1136px\" \/><figcaption class=\"wp-element-caption\">Maxime PAMBRUN<br>Responsable communication<\/figcaption><\/figure>\n<\/div>\n<\/div>\n\n\n\n<p><\/p>\n","protected":false},"excerpt":{"rendered":"<p>Nous croyons que chacun peut vivre des moments d\u2019exception dans un cadre o\u00f9 sport et convivialit\u00e9 se rejoignent. Les membres du Bureau et du Comit\u00e9 de Direction<\/p>\n","protected":false},"author":1,"featured_media":0,"parent":0,"menu_order":0,"comment_status":"closed","ping_status":"closed","template":"","meta":{"footnotes":""},"class_list":["post-46","page","type-page","status-publish","hentry"],"_links":{"self":[{"href":"https:\/\/pelote974.fr\/index.php?rest_route=\/wp\/v2\/pages\/46","targetHints":{"allow":["GET"]}}],"collection":[{"href":"https:\/\/pelote974.fr\/index.php?rest_route=\/wp\/v2\/pages"}],"about":[{"href":"https:\/\/pelote974.fr\/index.php?rest_route=\/wp\/v2\/types\/page"}],"author":[{"embeddable":true,"href":"https:\/\/pelote974.fr\/index.php?rest_route=\/wp\/v2\/users\/1"}],"replies":[{"embeddable":true,"href":"https:\/\/pelote974.fr\/index.php?rest_route=%2Fwp%2Fv2%2Fcomments&post=46"}],"version-history":[{"count":4,"href":"https:\/\/pelote974.fr\/index.php?rest_route=\/wp\/v2\/pages\/46\/revisions"}],"predecessor-version":[{"id":111,"href":"https:\/\/pelote974.fr\/index.php?rest_route=\/wp\/v2\/pages\/46\/revisions\/111"}],"wp:attachment":[{"href":"https:\/\/pelote974.fr\/index.php?rest_route=%2Fwp%2Fv2%2Fmedia&parent=46"}],"curies":[{"name":"wp","href":"https:\/\/api.w.org\/{rel}","templated":true}]}}