{"id":40,"date":"2025-09-24T06:44:21","date_gmt":"2025-09-24T06:44:21","guid":{"rendered":"http:\/\/pelote974.fr\/?page_id=40"},"modified":"2025-09-24T11:01:53","modified_gmt":"2025-09-24T11:01:53","slug":"lecole-de-pelote","status":"publish","type":"page","link":"https:\/\/pelote974.fr\/?page_id=40","title":{"rendered":"Ecole de pelote"},"content":{"rendered":"\n<p>Depuis bient\u00f4t 50 ans le CPBT offre les meilleures conditions de formation pour les jeunes de l&rsquo;Ouest.<\/p>\n\n\n\n<p class=\"has-text-align-center has-large-font-size\"><strong>Un enseignement ludique et engageant<\/strong><\/p>\n\n\n\n<p>Que votre enfant soit d\u00e9butant ou d\u00e9j\u00e0 passionn\u00e9, le CPBT a \u00e0 c\u0153ur de l\u2019accompagner dans son d\u00e9veloppement sportif et personnel.<\/p>\n\n\n\n<p>Notre \u00e9cole de pelote accueille les jeunes d\u00e8s l\u2019\u00e2ge de 5 ans pour leur offrir une initiation ludique et progressive. Encadr\u00e9s par des entra\u00eeneurs qualifi\u00e9s, les enfants d\u00e9couvrent les bases de la pelote basque tout en d\u00e9veloppant leur motricit\u00e9, leur esprit d\u2019\u00e9quipe et leur go\u00fbt pour le sport.<\/p>\n\n\n\n<p>Chaque semaine, de nombreux enfants foulent la <em>cantxa<\/em> du CPBT, cr\u00e9ant une ambiance conviviale et une dynamique sportive et sociale stimulante.<\/p>\n\n\n\n<div class=\"wp-block-columns is-layout-flex wp-container-core-columns-is-layout-9d6595d7 wp-block-columns-is-layout-flex\">\n<div class=\"wp-block-column is-layout-flow wp-block-column-is-layout-flow\">\n<figure class=\"wp-block-image size-large\"><img loading=\"lazy\" decoding=\"async\" width=\"461\" height=\"1024\" src=\"http:\/\/pelote974.fr\/wp-content\/uploads\/2025\/09\/marmailles-461x1024.jpg\" alt=\"\" class=\"wp-image-41\" style=\"aspect-ratio:1;object-fit:cover\" srcset=\"https:\/\/pelote974.fr\/wp-content\/uploads\/2025\/09\/marmailles-461x1024.jpg 461w, https:\/\/pelote974.fr\/wp-content\/uploads\/2025\/09\/marmailles-135x300.jpg 135w, https:\/\/pelote974.fr\/wp-content\/uploads\/2025\/09\/marmailles-692x1536.jpg 692w, https:\/\/pelote974.fr\/wp-content\/uploads\/2025\/09\/marmailles.jpg 694w\" sizes=\"auto, (max-width: 461px) 100vw, 461px\" \/><\/figure>\n<\/div>\n\n\n\n<div class=\"wp-block-column is-layout-flow wp-block-column-is-layout-flow\">\n<figure class=\"wp-block-image size-full\"><img loading=\"lazy\" decoding=\"async\" width=\"960\" height=\"548\" src=\"http:\/\/pelote974.fr\/wp-content\/uploads\/2025\/09\/marm3.jpg\" alt=\"\" class=\"wp-image-42\" style=\"aspect-ratio:1;object-fit:cover\" srcset=\"https:\/\/pelote974.fr\/wp-content\/uploads\/2025\/09\/marm3.jpg 960w, https:\/\/pelote974.fr\/wp-content\/uploads\/2025\/09\/marm3-300x171.jpg 300w, https:\/\/pelote974.fr\/wp-content\/uploads\/2025\/09\/marm3-768x438.jpg 768w\" sizes=\"auto, (max-width: 960px) 100vw, 960px\" \/><\/figure>\n<\/div>\n\n\n\n<div class=\"wp-block-column is-layout-flow wp-block-column-is-layout-flow\">\n<figure class=\"wp-block-image size-large\"><img loading=\"lazy\" decoding=\"async\" width=\"1024\" height=\"461\" src=\"http:\/\/pelote974.fr\/wp-content\/uploads\/2025\/09\/marmailles2-1024x461.jpg\" alt=\"\" class=\"wp-image-43\" style=\"aspect-ratio:1;object-fit:cover\" srcset=\"https:\/\/pelote974.fr\/wp-content\/uploads\/2025\/09\/marmailles2-1024x461.jpg 1024w, https:\/\/pelote974.fr\/wp-content\/uploads\/2025\/09\/marmailles2-300x135.jpg 300w, https:\/\/pelote974.fr\/wp-content\/uploads\/2025\/09\/marmailles2-768x346.jpg 768w, https:\/\/pelote974.fr\/wp-content\/uploads\/2025\/09\/marmailles2.jpg 1422w\" sizes=\"auto, (max-width: 1024px) 100vw, 1024px\" \/><\/figure>\n<\/div>\n\n\n\n<div class=\"wp-block-column is-layout-flow wp-block-column-is-layout-flow\">\n<figure class=\"wp-block-image size-full\"><img loading=\"lazy\" decoding=\"async\" width=\"960\" height=\"720\" src=\"http:\/\/pelote974.fr\/wp-content\/uploads\/2025\/09\/marm4.jpg\" alt=\"\" class=\"wp-image-44\" style=\"aspect-ratio:1;object-fit:cover\" srcset=\"https:\/\/pelote974.fr\/wp-content\/uploads\/2025\/09\/marm4.jpg 960w, https:\/\/pelote974.fr\/wp-content\/uploads\/2025\/09\/marm4-300x225.jpg 300w, https:\/\/pelote974.fr\/wp-content\/uploads\/2025\/09\/marm4-768x576.jpg 768w\" sizes=\"auto, (max-width: 960px) 100vw, 960px\" \/><\/figure>\n<\/div>\n<\/div>\n\n\n\n<p class=\"has-text-align-center has-large-font-size\">Une \u00e9cole adapt\u00e9e \u00e0 tous les niveaux<\/p>\n\n\n\n<p>Notre \u00e9cole de pelote basque \u00e0 La R\u00e9union accueille les jeunes de 5 \u00e0 18 ans, chaque mercredi et samedi.<br>Chaque enfant est encadr\u00e9 par des entra\u00eeneurs exp\u00e9riment\u00e9s et dipl\u00f4m\u00e9s, garants d\u2019un apprentissage de qualit\u00e9 et adapt\u00e9 \u00e0 tous les niveaux.<\/p>\n\n\n\n<p><\/p>\n","protected":false},"excerpt":{"rendered":"<p>Depuis bient\u00f4t 50 ans le CPBT offre les meilleures conditions de formation pour les jeunes de l&rsquo;Ouest. Un enseignement ludique et engageant Que votre enfant soit d\u00e9butant ou d\u00e9j\u00e0 passionn\u00e9, &#8230;<\/p>\n","protected":false},"author":1,"featured_media":0,"parent":0,"menu_order":0,"comment_status":"closed","ping_status":"closed","template":"","meta":{"footnotes":""},"class_list":["post-40","page","type-page","status-publish","hentry"],"_links":{"self":[{"href":"https:\/\/pelote974.fr\/index.php?rest_route=\/wp\/v2\/pages\/40","targetHints":{"allow":["GET"]}}],"collection":[{"href":"https:\/\/pelote974.fr\/index.php?rest_route=\/wp\/v2\/pages"}],"about":[{"href":"https:\/\/pelote974.fr\/index.php?rest_route=\/wp\/v2\/types\/page"}],"author":[{"embeddable":true,"href":"https:\/\/pelote974.fr\/index.php?rest_route=\/wp\/v2\/users\/1"}],"replies":[{"embeddable":true,"href":"https:\/\/pelote974.fr\/index.php?rest_route=%2Fwp%2Fv2%2Fcomments&post=40"}],"version-history":[{"count":2,"href":"https:\/\/pelote974.fr\/index.php?rest_route=\/wp\/v2\/pages\/40\/revisions"}],"predecessor-version":[{"id":69,"href":"https:\/\/pelote974.fr\/index.php?rest_route=\/wp\/v2\/pages\/40\/revisions\/69"}],"wp:attachment":[{"href":"https:\/\/pelote974.fr\/index.php?rest_route=%2Fwp%2Fv2%2Fmedia&parent=40"}],"curies":[{"name":"wp","href":"https:\/\/api.w.org\/{rel}","templated":true}]}}