{"id":34,"date":"2025-09-24T06:00:11","date_gmt":"2025-09-24T06:00:11","guid":{"rendered":"http:\/\/pelote974.fr\/?page_id=34"},"modified":"2025-10-13T05:54:06","modified_gmt":"2025-10-13T05:54:06","slug":"le-cpbt","status":"publish","type":"page","link":"https:\/\/pelote974.fr\/","title":{"rendered":"Le club"},"content":{"rendered":"\n<p class=\"has-text-align-center has-black-color has-text-color has-link-color has-medium-font-size wp-elements-be0239ab6a3bf797333e3b885035e91a\"><strong>Navigation rapide :<\/strong><\/p>\n\n\n\n<div class=\"wp-block-buttons is-horizontal is-content-justification-center is-layout-flex wp-container-core-buttons-is-layout-937ffba9 wp-block-buttons-is-layout-flex\">\n<div class=\"wp-block-button has-custom-width wp-block-button__width-50 is-style-outline is-style-outline--1\"><a class=\"wp-block-button__link has-luminous-vivid-amber-color has-black-background-color has-text-color has-background has-link-color wp-element-button\" href=\"https:\/\/pelote974.fr\/?page_id=40\"><strong><mark style=\"background-color:rgba(0, 0, 0, 0)\" class=\"has-inline-color has-white-color\">L&rsquo;\u00e9cole<\/mark><\/strong><\/a><\/div>\n\n\n\n<div class=\"wp-block-button has-custom-width wp-block-button__width-50 is-style-outline is-style-outline--2\"><a class=\"wp-block-button__link has-vivid-cyan-blue-color has-black-background-color has-text-color has-background has-link-color wp-element-button\" href=\"https:\/\/pelote974.fr\/?page_id=23\"><strong><mark style=\"background-color:rgba(0, 0, 0, 0)\" class=\"has-inline-color has-white-color\">Frontons \/ Cantxas<\/mark><\/strong><\/a><\/div>\n\n\n\n<div class=\"wp-block-button has-custom-width wp-block-button__width-50 is-style-outline is-style-outline--3\"><a class=\"wp-block-button__link has-black-background-color has-text-color has-background has-link-color wp-element-button\" href=\"https:\/\/pelote974.fr\/?page_id=113\" style=\"color:#008755\"><strong><mark style=\"background-color:rgba(0, 0, 0, 0)\" class=\"has-inline-color has-white-color\">La pelote c&rsquo;est quoi ?<\/mark><\/strong><\/a><\/div>\n\n\n\n<div class=\"wp-block-button has-custom-width wp-block-button__width-50 is-style-outline is-style-outline--4\"><a class=\"wp-block-button__link has-pale-pink-color has-black-background-color has-text-color has-background has-link-color wp-element-button\" href=\"https:\/\/pelote974.fr\/?page_id=19\"><strong><mark style=\"background-color:rgba(0, 0, 0, 0)\" class=\"has-inline-color has-white-color\">Contact<\/mark><\/strong><\/a><\/div>\n\n\n\n<div class=\"wp-block-button has-custom-width wp-block-button__width-50 is-style-outline is-style-outline--5\"><a class=\"wp-block-button__link has-vivid-purple-color has-black-background-color has-text-color has-background has-link-color wp-element-button\" href=\"http:\/\/pelote974.fr\/?page_id=56\"><strong><mark style=\"background-color:rgba(0, 0, 0, 0)\" class=\"has-inline-color has-white-color\">Partenaires<\/mark><\/strong><\/a><\/div>\n\n\n\n<div class=\"wp-block-button has-custom-width wp-block-button__width-50 is-style-outline is-style-outline--6\"><a class=\"wp-block-button__link has-luminous-vivid-orange-color has-black-background-color has-text-color has-background has-link-color wp-element-button\" href=\"https:\/\/pelote974.fr\/?page_id=46\"><strong><mark style=\"background-color:rgba(0, 0, 0, 0)\" class=\"has-inline-color has-white-color\">La gouvernance<\/mark><\/strong><\/a><\/div>\n\n\n\n<div class=\"wp-block-button has-custom-width wp-block-button__width-100 is-style-outline is-style-outline--7\"><a class=\"wp-block-button__link has-black-color has-luminous-dusk-gradient-background has-text-color has-background has-link-color has-text-align-center has-custom-font-size wp-element-button\" href=\"http:\/\/pelote974.fr\/?p=142\" style=\"font-size:16px\"><strong><mark style=\"background-color:rgba(0, 0, 0, 0)\" class=\"has-inline-color has-black-color\">Les news<\/mark><\/strong><\/a><\/div>\n<\/div>\n\n\n\n<p> <\/p>\n\n\n\n<p> <\/p>\n\n\n\n<p> <\/p>\n\n\n\n<div class=\"wp-block-cover is-light\" style=\"min-height:97px;aspect-ratio:unset;\"><img loading=\"lazy\" decoding=\"async\" width=\"800\" height=\"47\" class=\"wp-block-cover__image-background wp-image-126 size-full\" alt=\"\" src=\"http:\/\/pelote974.fr\/wp-content\/uploads\/2025\/09\/st.png\" style=\"object-position:75% 20%\" data-object-fit=\"cover\" data-object-position=\"75% 20%\" srcset=\"https:\/\/pelote974.fr\/wp-content\/uploads\/2025\/09\/st.png 800w, https:\/\/pelote974.fr\/wp-content\/uploads\/2025\/09\/st-300x18.png 300w, https:\/\/pelote974.fr\/wp-content\/uploads\/2025\/09\/st-768x45.png 768w\" sizes=\"auto, (max-width: 800px) 100vw, 800px\" \/><span aria-hidden=\"true\" class=\"wp-block-cover__background has-background-dim-60 has-background-dim\" style=\"background-color:#7b8694\"><\/span><div class=\"wp-block-cover__inner-container is-layout-constrained wp-block-cover-is-layout-constrained\">\n<p class=\"has-text-align-center has-large-font-size\"><strong><mark style=\"background-color:rgba(0, 0, 0, 0)\" class=\"has-inline-color has-white-color\">Le CPBT, plus qu&rsquo;un club une famille<\/mark><\/strong><\/p>\n<\/div><\/div>\n\n\n\n<div class=\"wp-block-columns is-layout-flex wp-container-core-columns-is-layout-9d6595d7 wp-block-columns-is-layout-flex\">\n<div class=\"wp-block-column is-vertically-aligned-center is-layout-flow wp-block-column-is-layout-flow\" style=\"flex-basis:40%\">\n<figure class=\"wp-block-image size-full\"><img loading=\"lazy\" decoding=\"async\" width=\"480\" height=\"480\" src=\"http:\/\/pelote974.fr\/wp-content\/uploads\/2025\/09\/logo.jpg\" alt=\"\" class=\"wp-image-8\" srcset=\"https:\/\/pelote974.fr\/wp-content\/uploads\/2025\/09\/logo.jpg 480w, https:\/\/pelote974.fr\/wp-content\/uploads\/2025\/09\/logo-300x300.jpg 300w, https:\/\/pelote974.fr\/wp-content\/uploads\/2025\/09\/logo-150x150.jpg 150w\" sizes=\"auto, (max-width: 480px) 100vw, 480px\" \/><\/figure>\n<\/div>\n\n\n\n<div class=\"wp-block-column is-layout-flow wp-block-column-is-layout-flow\" style=\"flex-basis:60%\">\n<p class=\"has-black-color has-text-color has-link-color has-medium-font-size wp-elements-662ef2e562a788269c60f9d848374ff3\"><em>Entre h\u00e9ritage et transmission<\/em><\/p>\n\n\n\n<p class=\"has-small-font-size\">Le Club Pelote Basque et Tennis de Saint-Leu, c\u2019est trois sports de raquette unis sous une seule banni\u00e8re : Le tennis, le beach tennis et la pelote basque.<br><br>La section pelote constitue l&rsquo;un p\u00f4les majeurs de la discipline sur l\u2019\u00eele, les murs \u00e0 gauche et le trinquet font partie de ces rares lieux o\u00f9 champions et passionn\u00e9s se retrouvent pour partager leur amour de la pelote.<\/p>\n\n\n\n<p class=\"has-small-font-size\">Par son histoire, ses murs, ses <em>cantxa<\/em> et sa vie sportive, le CPBT transmet \u00e0 ses membres un parfum d&rsquo;h\u00e9ritage et une fiert\u00e9 qui poussent les g\u00e9n\u00e9rations les unes apr\u00e8s les autres \u00e0 faire briller la R\u00e9union au travers de ce sport.<\/p>\n\n\n\n<p class=\"has-small-font-size\">Les frontons ont vu d\u00e9filer des noms et des figures qui ont marqu\u00e9 le sport : des marmailles qui ont grandi ici, des joueurs  occasionnels ainsi que les plus grands champions.<\/p>\n<\/div>\n<\/div>\n\n\n\n<div class=\"wp-block-columns is-layout-flex wp-container-core-columns-is-layout-9d6595d7 wp-block-columns-is-layout-flex\">\n<div class=\"wp-block-column is-layout-flow wp-block-column-is-layout-flow\" style=\"flex-basis:60%\">\n<p class=\"has-black-color has-text-color has-link-color has-medium-font-size wp-elements-51b88aa8c780cac62c46d9336d2e1e1b\"><em>Une passion partag\u00e9e<\/em><\/p>\n\n\n\n<p>Mais entrer au CPBT, ce n\u2019est pas seulement partager la passion des champions. C\u2019est surtout pratiquer la pelote dans un lieu de convivialit\u00e9, o\u00f9 se rencontrent et se lient d\u2019amiti\u00e9 des joueurs de tous niveaux et de toutes g\u00e9n\u00e9rations.<\/p>\n\n\n\n<p>Le CPBT est reconnu pour l\u2019esprit unique qui y r\u00e8gne : plus qu\u2019un simple club, c\u2019est un v\u00e9ritable lieu de vie o\u00f9 la pelote basque devient un lien essentiel entre les personnes.<\/p>\n\n\n\n<p>Avec un fronton et des structures r\u00e9guli\u00e8rement modernis\u00e9s, le CPBT a su \u00e9voluer avec son temps tout en pr\u00e9servant ses valeurs fondatrices et l\u2019\u00e2me qui fait sa force.<\/p>\n<\/div>\n\n\n\n<div class=\"wp-block-column is-vertically-aligned-center is-layout-flow wp-block-column-is-layout-flow\" style=\"flex-basis:40%\"><div class=\"wp-block-image is-style-rounded wp-duotone-000000-rgba1281281280-8\">\n<figure class=\"aligncenter size-large\"><img loading=\"lazy\" decoding=\"async\" width=\"1024\" height=\"768\" src=\"http:\/\/pelote974.fr\/wp-content\/uploads\/2025\/09\/20241112_171626-1024x768.jpg\" alt=\"\" class=\"wp-image-7\" srcset=\"https:\/\/pelote974.fr\/wp-content\/uploads\/2025\/09\/20241112_171626-1024x768.jpg 1024w, https:\/\/pelote974.fr\/wp-content\/uploads\/2025\/09\/20241112_171626-300x225.jpg 300w, https:\/\/pelote974.fr\/wp-content\/uploads\/2025\/09\/20241112_171626-768x576.jpg 768w, https:\/\/pelote974.fr\/wp-content\/uploads\/2025\/09\/20241112_171626-1536x1152.jpg 1536w, https:\/\/pelote974.fr\/wp-content\/uploads\/2025\/09\/20241112_171626-2048x1536.jpg 2048w\" sizes=\"auto, (max-width: 1024px) 100vw, 1024px\" \/><\/figure>\n<\/div><\/div>\n<\/div>\n\n\n\n<p class=\"has-black-color has-text-color has-link-color has-medium-font-size wp-elements-b5cb4ed961b7309c7671797d7081ad4d\"><em>Des installations sportives modernes et uniques<\/em><\/p>\n\n\n\n<p>Les adh\u00e9rents du club ont acc\u00e8s au mur \u00e0 gauche du centre ville ainsi qu&rsquo;\u00e0 l&rsquo;unique trinquet de l&rsquo;\u00eele de La R\u00e9union. Ces structures sont modernes et offrent tout le confort n\u00e9cessaire \u00e0 la pratique de la pelote (lumi\u00e8res, douches, zones de stationnement, etc.).<\/p>\n","protected":false},"excerpt":{"rendered":"<p>Navigation rapide : Entre h\u00e9ritage et transmission Le Club Pelote Basque et Tennis de Saint-Leu, c\u2019est trois sports de raquette unis sous une seule banni\u00e8re : Le tennis, le beach &#8230;<\/p>\n","protected":false},"author":1,"featured_media":0,"parent":0,"menu_order":0,"comment_status":"closed","ping_status":"closed","template":"","meta":{"footnotes":""},"class_list":["post-34","page","type-page","status-publish","hentry"],"_links":{"self":[{"href":"https:\/\/pelote974.fr\/index.php?rest_route=\/wp\/v2\/pages\/34","targetHints":{"allow":["GET"]}}],"collection":[{"href":"https:\/\/pelote974.fr\/index.php?rest_route=\/wp\/v2\/pages"}],"about":[{"href":"https:\/\/pelote974.fr\/index.php?rest_route=\/wp\/v2\/types\/page"}],"author":[{"embeddable":true,"href":"https:\/\/pelote974.fr\/index.php?rest_route=\/wp\/v2\/users\/1"}],"replies":[{"embeddable":true,"href":"https:\/\/pelote974.fr\/index.php?rest_route=%2Fwp%2Fv2%2Fcomments&post=34"}],"version-history":[{"count":15,"href":"https:\/\/pelote974.fr\/index.php?rest_route=\/wp\/v2\/pages\/34\/revisions"}],"predecessor-version":[{"id":217,"href":"https:\/\/pelote974.fr\/index.php?rest_route=\/wp\/v2\/pages\/34\/revisions\/217"}],"wp:attachment":[{"href":"https:\/\/pelote974.fr\/index.php?rest_route=%2Fwp%2Fv2%2Fmedia&parent=34"}],"curies":[{"name":"wp","href":"https:\/\/api.w.org\/{rel}","templated":true}]}}